{"id":2,"date":"2010-12-21T15:05:52","date_gmt":"2010-12-21T15:05:52","guid":{"rendered":"http:\/\/www.rogner.li\/wordpress\/?page_id=2"},"modified":"2011-01-03T12:04:37","modified_gmt":"2011-01-03T11:04:37","slug":"about","status":"publish","type":"page","link":"https:\/\/rogner.li\/?page_id=2","title":{"rendered":"\u00fcber"},"content":{"rendered":"<p>Hier schreiben wir so Sachen rein &#8211; f\u00fcr uns und die lieben Verwandten. Damit es eine unaufdringliche M\u00f6glichkeit gibt, der kleinen Familie beim Wachsen zu zusehen.<\/p>\n<p>Wenn ihr m\u00f6gt, k\u00f6nnt ihr uns auch schreiben.<\/p>\n<p>Feng&amp;Jo<\/p>\n","protected":false},"excerpt":{"rendered":"<p>Hier schreiben wir so Sachen rein &#8211; f\u00fcr uns und die lieben Verwandten. Damit es eine unaufdringliche M\u00f6glichkeit gibt, der kleinen Familie beim Wachsen zu zusehen. Wenn ihr m\u00f6gt, k\u00f6nnt ihr uns auch schreiben. Feng&amp;Jo<\/p>\n","protected":false},"author":2,"featured_media":0,"parent":0,"menu_order":0,"comment_status":"open","ping_status":"closed","template":"","meta":{"jetpack_post_was_ever_published":false,"footnotes":""},"class_list":["post-2","page","type-page","status-publish","hentry"],"jetpack_shortlink":"https:\/\/wp.me\/P1kE6A-2","jetpack_sharing_enabled":true,"jetpack_likes_enabled":true,"_links":{"self":[{"href":"https:\/\/rogner.li\/index.php?rest_route=\/wp\/v2\/pages\/2","targetHints":{"allow":["GET"]}}],"collection":[{"href":"https:\/\/rogner.li\/index.php?rest_route=\/wp\/v2\/pages"}],"about":[{"href":"https:\/\/rogner.li\/index.php?rest_route=\/wp\/v2\/types\/page"}],"author":[{"embeddable":true,"href":"https:\/\/rogner.li\/index.php?rest_route=\/wp\/v2\/users\/2"}],"replies":[{"embeddable":true,"href":"https:\/\/rogner.li\/index.php?rest_route=%2Fwp%2Fv2%2Fcomments&post=2"}],"version-history":[{"count":3,"href":"https:\/\/rogner.li\/index.php?rest_route=\/wp\/v2\/pages\/2\/revisions"}],"predecessor-version":[{"id":29,"href":"https:\/\/rogner.li\/index.php?rest_route=\/wp\/v2\/pages\/2\/revisions\/29"}],"wp:attachment":[{"href":"https:\/\/rogner.li\/index.php?rest_route=%2Fwp%2Fv2%2Fmedia&parent=2"}],"curies":[{"name":"wp","href":"https:\/\/api.w.org\/{rel}","templated":true}]}}